{"id":5154,"date":"2020-07-29T10:34:22","date_gmt":"2020-07-29T10:34:22","guid":{"rendered":"https:\/\/belletrist.qodeinteractive.com\/shop\/"},"modified":"2025-10-20T13:17:54","modified_gmt":"2025-10-20T16:17:54","slug":"catalogo","status":"publish","type":"page","link":"https:\/\/editorialjucum.com\/index.php\/catalogo\/","title":{"rendered":"Libros"},"content":{"rendered":"\t\t<div data-elementor-type=\"wp-page\" data-elementor-id=\"5154\" class=\"elementor elementor-5154\">\n\t\t\t\t<div class=\"elementor-element elementor-element-95db5ea e-flex e-con-boxed e-con e-parent\" data-id=\"95db5ea\" data-element_type=\"container\">\n\t\t\t\t\t<div class=\"e-con-inner\">\n\t\t\t\t<div class=\"elementor-element elementor-element-d908fc9 qodef-position--center elementor-widget elementor-widget-qi_addons_for_elementor_product_category_list\" data-id=\"d908fc9\" data-element_type=\"widget\" data-widget_type=\"qi_addons_for_elementor_product_category_list.default\">\n\t\t\t\t<div class=\"elementor-widget-container\">\n\t\t\t\t\t<div class=\"qodef-shortcode qodef-m qodef-addons-woo-shortcode qodef-qi-woo-product-category-list qodef-item-layout--info-on-image qodef-image--hover-zoom qodef-qi-grid qodef-layout--qi-columns qodef-col-num--4 qodef-item-layout--info-on-image qodef-responsive--predefined\">\n\t<div class=\"qodef-grid-inner\">\n\t\t<div class=\"qodef-e qodef-grid-item product-category product first\">\n\t<a href=\"https:\/\/editorialjucum.com\/index.php\/product-category\/adultos\/\">\n\t\t\t<div class=\"qodef-e-img-holder\">\n\t\t<img fetchpriority=\"high\" decoding=\"async\" width=\"500\" height=\"500\" src=\"https:\/\/editorialjucum.com\/wp-content\/uploads\/2025\/10\/Categorias-background.png\" class=\"attachment-full size-full\" alt=\"\" srcset=\"https:\/\/editorialjucum.com\/wp-content\/uploads\/2025\/10\/Categorias-background.png 500w, https:\/\/editorialjucum.com\/wp-content\/uploads\/2025\/10\/Categorias-background-300x300.png 300w, https:\/\/editorialjucum.com\/wp-content\/uploads\/2025\/10\/Categorias-background-150x150.png 150w, https:\/\/editorialjucum.com\/wp-content\/uploads\/2025\/10\/Categorias-background-100x100.png 100w\" sizes=\"(max-width: 500px) 100vw, 500px\" \/>\t<\/div>\n\t\t\t<h5 class=\"qodef-e-title woocommerce-loop-category__title\">\n\t\tAdultos\t<\/h5>\n\t<\/a>\n<\/div>\n<div class=\"qodef-e qodef-grid-item product-category product\">\n\t<a href=\"https:\/\/editorialjucum.com\/index.php\/product-category\/aventuras-internacionales\/\">\n\t\t\t<div class=\"qodef-e-img-holder\">\n\t\t<img fetchpriority=\"high\" decoding=\"async\" width=\"500\" height=\"500\" src=\"https:\/\/editorialjucum.com\/wp-content\/uploads\/2025\/10\/Categorias-background.png\" class=\"attachment-full size-full\" alt=\"\" srcset=\"https:\/\/editorialjucum.com\/wp-content\/uploads\/2025\/10\/Categorias-background.png 500w, https:\/\/editorialjucum.com\/wp-content\/uploads\/2025\/10\/Categorias-background-300x300.png 300w, https:\/\/editorialjucum.com\/wp-content\/uploads\/2025\/10\/Categorias-background-150x150.png 150w, https:\/\/editorialjucum.com\/wp-content\/uploads\/2025\/10\/Categorias-background-100x100.png 100w\" sizes=\"(max-width: 500px) 100vw, 500px\" \/>\t<\/div>\n\t\t\t<h5 class=\"qodef-e-title woocommerce-loop-category__title\">\n\t\tAventuras Internacionales\t<\/h5>\n\t<\/a>\n<\/div>\n<div class=\"qodef-e qodef-grid-item product-category product last\">\n\t<a href=\"https:\/\/editorialjucum.com\/index.php\/product-category\/clasicos\/\">\n\t\t\t<div class=\"qodef-e-img-holder\">\n\t\t<img fetchpriority=\"high\" decoding=\"async\" width=\"500\" height=\"500\" src=\"https:\/\/editorialjucum.com\/wp-content\/uploads\/2025\/10\/Categorias-background.png\" class=\"attachment-full size-full\" alt=\"\" srcset=\"https:\/\/editorialjucum.com\/wp-content\/uploads\/2025\/10\/Categorias-background.png 500w, https:\/\/editorialjucum.com\/wp-content\/uploads\/2025\/10\/Categorias-background-300x300.png 300w, https:\/\/editorialjucum.com\/wp-content\/uploads\/2025\/10\/Categorias-background-150x150.png 150w, https:\/\/editorialjucum.com\/wp-content\/uploads\/2025\/10\/Categorias-background-100x100.png 100w\" sizes=\"(max-width: 500px) 100vw, 500px\" \/>\t<\/div>\n\t\t\t<h5 class=\"qodef-e-title woocommerce-loop-category__title\">\n\t\tCl\u00e1sicos\t<\/h5>\n\t<\/a>\n<\/div>\n<div class=\"qodef-e qodef-grid-item product-category product first\">\n\t<a href=\"https:\/\/editorialjucum.com\/index.php\/product-category\/coleccion-clasicos\/\">\n\t\t\t<div class=\"qodef-e-img-holder\">\n\t\t<img fetchpriority=\"high\" decoding=\"async\" width=\"500\" height=\"500\" src=\"https:\/\/editorialjucum.com\/wp-content\/uploads\/2025\/10\/Categorias-background.png\" class=\"attachment-full size-full\" alt=\"\" srcset=\"https:\/\/editorialjucum.com\/wp-content\/uploads\/2025\/10\/Categorias-background.png 500w, https:\/\/editorialjucum.com\/wp-content\/uploads\/2025\/10\/Categorias-background-300x300.png 300w, https:\/\/editorialjucum.com\/wp-content\/uploads\/2025\/10\/Categorias-background-150x150.png 150w, https:\/\/editorialjucum.com\/wp-content\/uploads\/2025\/10\/Categorias-background-100x100.png 100w\" sizes=\"(max-width: 500px) 100vw, 500px\" \/>\t<\/div>\n\t\t\t<h5 class=\"qodef-e-title woocommerce-loop-category__title\">\n\t\tColecci\u00f3n Cl\u00e1sicos\t<\/h5>\n\t<\/a>\n<\/div>\n<div class=\"qodef-e qodef-grid-item product-category product\">\n\t<a href=\"https:\/\/editorialjucum.com\/index.php\/product-category\/cosmovision-biblia-y-liderazgo\/\">\n\t\t\t<div class=\"qodef-e-img-holder\">\n\t\t<img fetchpriority=\"high\" decoding=\"async\" width=\"500\" height=\"500\" src=\"https:\/\/editorialjucum.com\/wp-content\/uploads\/2025\/10\/Categorias-background.png\" class=\"attachment-full size-full\" alt=\"\" srcset=\"https:\/\/editorialjucum.com\/wp-content\/uploads\/2025\/10\/Categorias-background.png 500w, https:\/\/editorialjucum.com\/wp-content\/uploads\/2025\/10\/Categorias-background-300x300.png 300w, https:\/\/editorialjucum.com\/wp-content\/uploads\/2025\/10\/Categorias-background-150x150.png 150w, https:\/\/editorialjucum.com\/wp-content\/uploads\/2025\/10\/Categorias-background-100x100.png 100w\" sizes=\"(max-width: 500px) 100vw, 500px\" \/>\t<\/div>\n\t\t\t<h5 class=\"qodef-e-title woocommerce-loop-category__title\">\n\t\tComsovisi\u00f3n B\u00edblica y Liderazgo\t<\/h5>\n\t<\/a>\n<\/div>\n<div class=\"qodef-e qodef-grid-item product-category product last\">\n\t<a href=\"https:\/\/editorialjucum.com\/index.php\/product-category\/contracorriente\/\">\n\t\t\t<div class=\"qodef-e-img-holder\">\n\t\t<img fetchpriority=\"high\" decoding=\"async\" width=\"500\" height=\"500\" src=\"https:\/\/editorialjucum.com\/wp-content\/uploads\/2025\/10\/Categorias-background.png\" class=\"attachment-full size-full\" alt=\"\" srcset=\"https:\/\/editorialjucum.com\/wp-content\/uploads\/2025\/10\/Categorias-background.png 500w, https:\/\/editorialjucum.com\/wp-content\/uploads\/2025\/10\/Categorias-background-300x300.png 300w, https:\/\/editorialjucum.com\/wp-content\/uploads\/2025\/10\/Categorias-background-150x150.png 150w, https:\/\/editorialjucum.com\/wp-content\/uploads\/2025\/10\/Categorias-background-100x100.png 100w\" sizes=\"(max-width: 500px) 100vw, 500px\" \/>\t<\/div>\n\t\t\t<h5 class=\"qodef-e-title woocommerce-loop-category__title\">\n\t\tContracorriente\t<\/h5>\n\t<\/a>\n<\/div>\n<div class=\"qodef-e qodef-grid-item product-category product first\">\n\t<a href=\"https:\/\/editorialjucum.com\/index.php\/product-category\/cosmo-ninos\/\">\n\t\t\t<div class=\"qodef-e-img-holder\">\n\t\t<img fetchpriority=\"high\" decoding=\"async\" width=\"500\" height=\"500\" src=\"https:\/\/editorialjucum.com\/wp-content\/uploads\/2025\/10\/Categorias-background.png\" class=\"attachment-full size-full\" alt=\"\" srcset=\"https:\/\/editorialjucum.com\/wp-content\/uploads\/2025\/10\/Categorias-background.png 500w, https:\/\/editorialjucum.com\/wp-content\/uploads\/2025\/10\/Categorias-background-300x300.png 300w, https:\/\/editorialjucum.com\/wp-content\/uploads\/2025\/10\/Categorias-background-150x150.png 150w, https:\/\/editorialjucum.com\/wp-content\/uploads\/2025\/10\/Categorias-background-100x100.png 100w\" sizes=\"(max-width: 500px) 100vw, 500px\" \/>\t<\/div>\n\t\t\t<h5 class=\"qodef-e-title woocommerce-loop-category__title\">\n\t\tCosmo Ni\u00f1os\t<\/h5>\n\t<\/a>\n<\/div>\n<div class=\"qodef-e qodef-grid-item product-category product\">\n\t<a href=\"https:\/\/editorialjucum.com\/index.php\/product-category\/disciplinas-espirituales\/\">\n\t\t\t<div class=\"qodef-e-img-holder\">\n\t\t<img fetchpriority=\"high\" decoding=\"async\" width=\"500\" height=\"500\" src=\"https:\/\/editorialjucum.com\/wp-content\/uploads\/2025\/10\/Categorias-background.png\" class=\"attachment-full size-full\" alt=\"\" srcset=\"https:\/\/editorialjucum.com\/wp-content\/uploads\/2025\/10\/Categorias-background.png 500w, https:\/\/editorialjucum.com\/wp-content\/uploads\/2025\/10\/Categorias-background-300x300.png 300w, https:\/\/editorialjucum.com\/wp-content\/uploads\/2025\/10\/Categorias-background-150x150.png 150w, https:\/\/editorialjucum.com\/wp-content\/uploads\/2025\/10\/Categorias-background-100x100.png 100w\" sizes=\"(max-width: 500px) 100vw, 500px\" \/>\t<\/div>\n\t\t\t<h5 class=\"qodef-e-title woocommerce-loop-category__title\">\n\t\tDisciplinas Espirituales\t<\/h5>\n\t<\/a>\n<\/div>\n<div class=\"qodef-e qodef-grid-item product-category product last\">\n\t<a href=\"https:\/\/editorialjucum.com\/index.php\/product-category\/educatio\/\">\n\t\t\t<div class=\"qodef-e-img-holder\">\n\t\t<img fetchpriority=\"high\" decoding=\"async\" width=\"500\" height=\"500\" src=\"https:\/\/editorialjucum.com\/wp-content\/uploads\/2025\/10\/Categorias-background.png\" class=\"attachment-full size-full\" alt=\"\" srcset=\"https:\/\/editorialjucum.com\/wp-content\/uploads\/2025\/10\/Categorias-background.png 500w, https:\/\/editorialjucum.com\/wp-content\/uploads\/2025\/10\/Categorias-background-300x300.png 300w, https:\/\/editorialjucum.com\/wp-content\/uploads\/2025\/10\/Categorias-background-150x150.png 150w, https:\/\/editorialjucum.com\/wp-content\/uploads\/2025\/10\/Categorias-background-100x100.png 100w\" sizes=\"(max-width: 500px) 100vw, 500px\" \/>\t<\/div>\n\t\t\t<h5 class=\"qodef-e-title woocommerce-loop-category__title\">\n\t\tEducatio\t<\/h5>\n\t<\/a>\n<\/div>\n<div class=\"qodef-e qodef-grid-item product-category product first\">\n\t<a href=\"https:\/\/editorialjucum.com\/index.php\/product-category\/familia-nucleo-vital\/\">\n\t\t\t<div class=\"qodef-e-img-holder\">\n\t\t<img fetchpriority=\"high\" decoding=\"async\" width=\"500\" height=\"500\" src=\"https:\/\/editorialjucum.com\/wp-content\/uploads\/2025\/10\/Categorias-background.png\" class=\"attachment-full size-full\" alt=\"\" srcset=\"https:\/\/editorialjucum.com\/wp-content\/uploads\/2025\/10\/Categorias-background.png 500w, https:\/\/editorialjucum.com\/wp-content\/uploads\/2025\/10\/Categorias-background-300x300.png 300w, https:\/\/editorialjucum.com\/wp-content\/uploads\/2025\/10\/Categorias-background-150x150.png 150w, https:\/\/editorialjucum.com\/wp-content\/uploads\/2025\/10\/Categorias-background-100x100.png 100w\" sizes=\"(max-width: 500px) 100vw, 500px\" \/>\t<\/div>\n\t\t\t<h5 class=\"qodef-e-title woocommerce-loop-category__title\">\n\t\tFamilia: N\u00facleo Vital\t<\/h5>\n\t<\/a>\n<\/div>\n<div class=\"qodef-e qodef-grid-item product-category product\">\n\t<a href=\"https:\/\/editorialjucum.com\/index.php\/product-category\/heroes-cristianos\/\">\n\t\t\t<div class=\"qodef-e-img-holder\">\n\t\t<img fetchpriority=\"high\" decoding=\"async\" width=\"500\" height=\"500\" src=\"https:\/\/editorialjucum.com\/wp-content\/uploads\/2025\/10\/Categorias-background.png\" class=\"attachment-full size-full\" alt=\"\" srcset=\"https:\/\/editorialjucum.com\/wp-content\/uploads\/2025\/10\/Categorias-background.png 500w, https:\/\/editorialjucum.com\/wp-content\/uploads\/2025\/10\/Categorias-background-300x300.png 300w, https:\/\/editorialjucum.com\/wp-content\/uploads\/2025\/10\/Categorias-background-150x150.png 150w, https:\/\/editorialjucum.com\/wp-content\/uploads\/2025\/10\/Categorias-background-100x100.png 100w\" sizes=\"(max-width: 500px) 100vw, 500px\" \/>\t<\/div>\n\t\t\t<h5 class=\"qodef-e-title woocommerce-loop-category__title\">\n\t\tH\u00e9roes Cristianos\t<\/h5>\n\t<\/a>\n<\/div>\n<div class=\"qodef-e qodef-grid-item product-category product last\">\n\t<a href=\"https:\/\/editorialjucum.com\/index.php\/product-category\/heroes-para-pequenos-lectores\/\">\n\t\t\t<div class=\"qodef-e-img-holder\">\n\t\t<img fetchpriority=\"high\" decoding=\"async\" width=\"500\" height=\"500\" src=\"https:\/\/editorialjucum.com\/wp-content\/uploads\/2025\/10\/Categorias-background.png\" class=\"attachment-full size-full\" alt=\"\" srcset=\"https:\/\/editorialjucum.com\/wp-content\/uploads\/2025\/10\/Categorias-background.png 500w, https:\/\/editorialjucum.com\/wp-content\/uploads\/2025\/10\/Categorias-background-300x300.png 300w, https:\/\/editorialjucum.com\/wp-content\/uploads\/2025\/10\/Categorias-background-150x150.png 150w, https:\/\/editorialjucum.com\/wp-content\/uploads\/2025\/10\/Categorias-background-100x100.png 100w\" sizes=\"(max-width: 500px) 100vw, 500px\" \/>\t<\/div>\n\t\t\t<h5 class=\"qodef-e-title woocommerce-loop-category__title\">\n\t\tH\u00e9roes para peque\u00f1os lectores\t<\/h5>\n\t<\/a>\n<\/div>\n<div class=\"qodef-e qodef-grid-item product-category product first\">\n\t<a href=\"https:\/\/editorialjucum.com\/index.php\/product-category\/jovenes\/\">\n\t\t\t<div class=\"qodef-e-img-holder\">\n\t\t<img fetchpriority=\"high\" decoding=\"async\" width=\"500\" height=\"500\" src=\"https:\/\/editorialjucum.com\/wp-content\/uploads\/2025\/10\/Categorias-background.png\" class=\"attachment-full size-full\" alt=\"\" srcset=\"https:\/\/editorialjucum.com\/wp-content\/uploads\/2025\/10\/Categorias-background.png 500w, https:\/\/editorialjucum.com\/wp-content\/uploads\/2025\/10\/Categorias-background-300x300.png 300w, https:\/\/editorialjucum.com\/wp-content\/uploads\/2025\/10\/Categorias-background-150x150.png 150w, https:\/\/editorialjucum.com\/wp-content\/uploads\/2025\/10\/Categorias-background-100x100.png 100w\" sizes=\"(max-width: 500px) 100vw, 500px\" \/>\t<\/div>\n\t\t\t<h5 class=\"qodef-e-title woocommerce-loop-category__title\">\n\t\tJ\u00f3venes\t<\/h5>\n\t<\/a>\n<\/div>\n<div class=\"qodef-e qodef-grid-item product-category product\">\n\t<a href=\"https:\/\/editorialjucum.com\/index.php\/product-category\/libros\/\">\n\t\t\t<div class=\"qodef-e-img-holder\">\n\t\t<img fetchpriority=\"high\" decoding=\"async\" width=\"500\" height=\"500\" src=\"https:\/\/editorialjucum.com\/wp-content\/uploads\/2025\/10\/Categorias-background.png\" class=\"attachment-full size-full\" alt=\"\" srcset=\"https:\/\/editorialjucum.com\/wp-content\/uploads\/2025\/10\/Categorias-background.png 500w, https:\/\/editorialjucum.com\/wp-content\/uploads\/2025\/10\/Categorias-background-300x300.png 300w, https:\/\/editorialjucum.com\/wp-content\/uploads\/2025\/10\/Categorias-background-150x150.png 150w, https:\/\/editorialjucum.com\/wp-content\/uploads\/2025\/10\/Categorias-background-100x100.png 100w\" sizes=\"(max-width: 500px) 100vw, 500px\" \/>\t<\/div>\n\t\t\t<h5 class=\"qodef-e-title woocommerce-loop-category__title\">\n\t\tLibros\t<\/h5>\n\t<\/a>\n<\/div>\n<div class=\"qodef-e qodef-grid-item product-category product last\">\n\t<a href=\"https:\/\/editorialjucum.com\/index.php\/product-category\/metanoia\/\">\n\t\t\t<div class=\"qodef-e-img-holder\">\n\t\t<img fetchpriority=\"high\" decoding=\"async\" width=\"500\" height=\"500\" src=\"https:\/\/editorialjucum.com\/wp-content\/uploads\/2025\/10\/Categorias-background.png\" class=\"attachment-full size-full\" alt=\"\" srcset=\"https:\/\/editorialjucum.com\/wp-content\/uploads\/2025\/10\/Categorias-background.png 500w, https:\/\/editorialjucum.com\/wp-content\/uploads\/2025\/10\/Categorias-background-300x300.png 300w, https:\/\/editorialjucum.com\/wp-content\/uploads\/2025\/10\/Categorias-background-150x150.png 150w, https:\/\/editorialjucum.com\/wp-content\/uploads\/2025\/10\/Categorias-background-100x100.png 100w\" sizes=\"(max-width: 500px) 100vw, 500px\" \/>\t<\/div>\n\t\t\t<h5 class=\"qodef-e-title woocommerce-loop-category__title\">\n\t\tMetanoia\t<\/h5>\n\t<\/a>\n<\/div>\n<div class=\"qodef-e qodef-grid-item product-category product first\">\n\t<a href=\"https:\/\/editorialjucum.com\/index.php\/product-category\/misiones\/\">\n\t\t\t<div class=\"qodef-e-img-holder\">\n\t\t<img fetchpriority=\"high\" decoding=\"async\" width=\"500\" height=\"500\" src=\"https:\/\/editorialjucum.com\/wp-content\/uploads\/2025\/10\/Categorias-background.png\" class=\"attachment-full size-full\" alt=\"\" srcset=\"https:\/\/editorialjucum.com\/wp-content\/uploads\/2025\/10\/Categorias-background.png 500w, https:\/\/editorialjucum.com\/wp-content\/uploads\/2025\/10\/Categorias-background-300x300.png 300w, https:\/\/editorialjucum.com\/wp-content\/uploads\/2025\/10\/Categorias-background-150x150.png 150w, https:\/\/editorialjucum.com\/wp-content\/uploads\/2025\/10\/Categorias-background-100x100.png 100w\" sizes=\"(max-width: 500px) 100vw, 500px\" \/>\t<\/div>\n\t\t\t<h5 class=\"qodef-e-title woocommerce-loop-category__title\">\n\t\tMisiones\t<\/h5>\n\t<\/a>\n<\/div>\n<div class=\"qodef-e qodef-grid-item product-category product\">\n\t<a href=\"https:\/\/editorialjucum.com\/index.php\/product-category\/narrativa-novus\/\">\n\t\t\t<div class=\"qodef-e-img-holder\">\n\t\t<img fetchpriority=\"high\" decoding=\"async\" width=\"500\" height=\"500\" src=\"https:\/\/editorialjucum.com\/wp-content\/uploads\/2025\/10\/Categorias-background.png\" class=\"attachment-full size-full\" alt=\"\" srcset=\"https:\/\/editorialjucum.com\/wp-content\/uploads\/2025\/10\/Categorias-background.png 500w, https:\/\/editorialjucum.com\/wp-content\/uploads\/2025\/10\/Categorias-background-300x300.png 300w, https:\/\/editorialjucum.com\/wp-content\/uploads\/2025\/10\/Categorias-background-150x150.png 150w, https:\/\/editorialjucum.com\/wp-content\/uploads\/2025\/10\/Categorias-background-100x100.png 100w\" sizes=\"(max-width: 500px) 100vw, 500px\" \/>\t<\/div>\n\t\t\t<h5 class=\"qodef-e-title woocommerce-loop-category__title\">\n\t\tNarrativa Novus\t<\/h5>\n\t<\/a>\n<\/div>\n<div class=\"qodef-e qodef-grid-item product-category product last\">\n\t<a href=\"https:\/\/editorialjucum.com\/index.php\/product-category\/ninos\/\">\n\t\t\t<div class=\"qodef-e-img-holder\">\n\t\t<img fetchpriority=\"high\" decoding=\"async\" width=\"500\" height=\"500\" src=\"https:\/\/editorialjucum.com\/wp-content\/uploads\/2025\/10\/Categorias-background.png\" class=\"attachment-full size-full\" alt=\"\" srcset=\"https:\/\/editorialjucum.com\/wp-content\/uploads\/2025\/10\/Categorias-background.png 500w, https:\/\/editorialjucum.com\/wp-content\/uploads\/2025\/10\/Categorias-background-300x300.png 300w, https:\/\/editorialjucum.com\/wp-content\/uploads\/2025\/10\/Categorias-background-150x150.png 150w, https:\/\/editorialjucum.com\/wp-content\/uploads\/2025\/10\/Categorias-background-100x100.png 100w\" sizes=\"(max-width: 500px) 100vw, 500px\" \/>\t<\/div>\n\t\t\t<h5 class=\"qodef-e-title woocommerce-loop-category__title\">\n\t\tNi\u00f1os\t<\/h5>\n\t<\/a>\n<\/div>\n<div class=\"qodef-e qodef-grid-item product-category product first\">\n\t<a href=\"https:\/\/editorialjucum.com\/index.php\/product-category\/pequenos-lectores\/\">\n\t\t\t<div class=\"qodef-e-img-holder\">\n\t\t<img fetchpriority=\"high\" decoding=\"async\" width=\"500\" height=\"500\" src=\"https:\/\/editorialjucum.com\/wp-content\/uploads\/2025\/10\/Categorias-background.png\" class=\"attachment-full size-full\" alt=\"\" srcset=\"https:\/\/editorialjucum.com\/wp-content\/uploads\/2025\/10\/Categorias-background.png 500w, https:\/\/editorialjucum.com\/wp-content\/uploads\/2025\/10\/Categorias-background-300x300.png 300w, https:\/\/editorialjucum.com\/wp-content\/uploads\/2025\/10\/Categorias-background-150x150.png 150w, https:\/\/editorialjucum.com\/wp-content\/uploads\/2025\/10\/Categorias-background-100x100.png 100w\" sizes=\"(max-width: 500px) 100vw, 500px\" \/>\t<\/div>\n\t\t\t<h5 class=\"qodef-e-title woocommerce-loop-category__title\">\n\t\tPeque\u00f1os Lectores\t<\/h5>\n\t<\/a>\n<\/div>\n<div class=\"qodef-e qodef-grid-item product-category product\">\n\t<a href=\"https:\/\/editorialjucum.com\/index.php\/product-category\/pequenos-pensadores\/\">\n\t\t\t<div class=\"qodef-e-img-holder\">\n\t\t<img fetchpriority=\"high\" decoding=\"async\" width=\"500\" height=\"500\" src=\"https:\/\/editorialjucum.com\/wp-content\/uploads\/2025\/10\/Categorias-background.png\" class=\"attachment-full size-full\" alt=\"\" srcset=\"https:\/\/editorialjucum.com\/wp-content\/uploads\/2025\/10\/Categorias-background.png 500w, https:\/\/editorialjucum.com\/wp-content\/uploads\/2025\/10\/Categorias-background-300x300.png 300w, https:\/\/editorialjucum.com\/wp-content\/uploads\/2025\/10\/Categorias-background-150x150.png 150w, https:\/\/editorialjucum.com\/wp-content\/uploads\/2025\/10\/Categorias-background-100x100.png 100w\" sizes=\"(max-width: 500px) 100vw, 500px\" \/>\t<\/div>\n\t\t\t<h5 class=\"qodef-e-title woocommerce-loop-category__title\">\n\t\tPeque\u00f1os Pensadores\t<\/h5>\n\t<\/a>\n<\/div>\n<div class=\"qodef-e qodef-grid-item product-category product last\">\n\t<a href=\"https:\/\/editorialjucum.com\/index.php\/product-category\/uncategorized\/\">\n\t\t\t<div class=\"qodef-e-img-holder\">\n\t\t<img fetchpriority=\"high\" decoding=\"async\" width=\"500\" height=\"500\" src=\"https:\/\/editorialjucum.com\/wp-content\/uploads\/2025\/10\/Categorias-background.png\" class=\"attachment-full size-full\" alt=\"\" srcset=\"https:\/\/editorialjucum.com\/wp-content\/uploads\/2025\/10\/Categorias-background.png 500w, https:\/\/editorialjucum.com\/wp-content\/uploads\/2025\/10\/Categorias-background-300x300.png 300w, https:\/\/editorialjucum.com\/wp-content\/uploads\/2025\/10\/Categorias-background-150x150.png 150w, https:\/\/editorialjucum.com\/wp-content\/uploads\/2025\/10\/Categorias-background-100x100.png 100w\" sizes=\"(max-width: 500px) 100vw, 500px\" \/>\t<\/div>\n\t\t\t<h5 class=\"qodef-e-title woocommerce-loop-category__title\">\n\t\tUncategorized\t<\/h5>\n\t<\/a>\n<\/div>\n<div class=\"qodef-e qodef-grid-item product-category product first\">\n\t<a href=\"https:\/\/editorialjucum.com\/index.php\/product-category\/valentia\/\">\n\t\t\t<div class=\"qodef-e-img-holder\">\n\t\t<img fetchpriority=\"high\" decoding=\"async\" width=\"500\" height=\"500\" src=\"https:\/\/editorialjucum.com\/wp-content\/uploads\/2025\/10\/Categorias-background.png\" class=\"attachment-full size-full\" alt=\"\" srcset=\"https:\/\/editorialjucum.com\/wp-content\/uploads\/2025\/10\/Categorias-background.png 500w, https:\/\/editorialjucum.com\/wp-content\/uploads\/2025\/10\/Categorias-background-300x300.png 300w, https:\/\/editorialjucum.com\/wp-content\/uploads\/2025\/10\/Categorias-background-150x150.png 150w, https:\/\/editorialjucum.com\/wp-content\/uploads\/2025\/10\/Categorias-background-100x100.png 100w\" sizes=\"(max-width: 500px) 100vw, 500px\" \/>\t<\/div>\n\t\t\t<h5 class=\"qodef-e-title woocommerce-loop-category__title\">\n\t\tValent\u00eda\t<\/h5>\n\t<\/a>\n<\/div>\n<div class=\"qodef-e qodef-grid-item product-category product\">\n\t<a href=\"https:\/\/editorialjucum.com\/index.php\/product-category\/vidas-con-legado\/\">\n\t\t\t<div class=\"qodef-e-img-holder\">\n\t\t<img fetchpriority=\"high\" decoding=\"async\" width=\"500\" height=\"500\" src=\"https:\/\/editorialjucum.com\/wp-content\/uploads\/2025\/10\/Categorias-background.png\" class=\"attachment-full size-full\" alt=\"\" srcset=\"https:\/\/editorialjucum.com\/wp-content\/uploads\/2025\/10\/Categorias-background.png 500w, https:\/\/editorialjucum.com\/wp-content\/uploads\/2025\/10\/Categorias-background-300x300.png 300w, https:\/\/editorialjucum.com\/wp-content\/uploads\/2025\/10\/Categorias-background-150x150.png 150w, https:\/\/editorialjucum.com\/wp-content\/uploads\/2025\/10\/Categorias-background-100x100.png 100w\" sizes=\"(max-width: 500px) 100vw, 500px\" \/>\t<\/div>\n\t\t\t<h5 class=\"qodef-e-title woocommerce-loop-category__title\">\n\t\tVidas con Legado\t<\/h5>\n\t<\/a>\n<\/div>\n\t<\/div>\n<\/div>\n\t\t\t\t<\/div>\n\t\t\t\t<\/div>\n\t\t\t\t\t<\/div>\n\t\t\t\t<\/div>\n\t\t\t\t<\/div>\n\t\t","protected":false},"excerpt":{"rendered":"<p>Adultos Aventuras Internacionales Cl\u00e1sicos Colecci\u00f3n Cl\u00e1sicos Comsovisi\u00f3n B\u00edblica y Liderazgo Contracorriente Cosmo Ni\u00f1os Disciplinas Espirituales Educatio Familia: N\u00facleo Vital H\u00e9roes Cristianos J\u00f3venes Libros Metanoia Misiones Narrativa Novus Ni\u00f1os Peque\u00f1os Lectores Peque\u00f1os Pensadores Uncategorized Valent\u00eda Vidas con Legado<\/p>\n","protected":false},"author":1,"featured_media":0,"parent":0,"menu_order":0,"comment_status":"closed","ping_status":"closed","template":"","meta":{"footnotes":""},"class_list":["post-5154","page","type-page","status-publish","hentry"],"_links":{"self":[{"href":"https:\/\/editorialjucum.com\/index.php\/wp-json\/wp\/v2\/pages\/5154","targetHints":{"allow":["GET"]}}],"collection":[{"href":"https:\/\/editorialjucum.com\/index.php\/wp-json\/wp\/v2\/pages"}],"about":[{"href":"https:\/\/editorialjucum.com\/index.php\/wp-json\/wp\/v2\/types\/page"}],"author":[{"embeddable":true,"href":"https:\/\/editorialjucum.com\/index.php\/wp-json\/wp\/v2\/users\/1"}],"replies":[{"embeddable":true,"href":"https:\/\/editorialjucum.com\/index.php\/wp-json\/wp\/v2\/comments?post=5154"}],"version-history":[{"count":9,"href":"https:\/\/editorialjucum.com\/index.php\/wp-json\/wp\/v2\/pages\/5154\/revisions"}],"predecessor-version":[{"id":5577,"href":"https:\/\/editorialjucum.com\/index.php\/wp-json\/wp\/v2\/pages\/5154\/revisions\/5577"}],"wp:attachment":[{"href":"https:\/\/editorialjucum.com\/index.php\/wp-json\/wp\/v2\/media?parent=5154"}],"curies":[{"name":"wp","href":"https:\/\/api.w.org\/{rel}","templated":true}]}}