{"id":3274,"date":"2020-09-24T10:13:11","date_gmt":"2020-09-24T10:13:11","guid":{"rendered":"https:\/\/belletrist.qodeinteractive.com\/?post_type=product&#038;p=3274"},"modified":"2025-10-20T17:01:11","modified_gmt":"2025-10-20T20:01:11","slug":"padre-de-huerfanos-la-vida-de-george-muller","status":"publish","type":"product","link":"https:\/\/editorialjucum.com\/index.php\/product\/padre-de-huerfanos-la-vida-de-george-muller\/","title":{"rendered":"Padre de Huerfanos: La Vida de George Muller"},"content":{"rendered":"","protected":false},"excerpt":{"rendered":"<p>George M\u00fcller contempl\u00f3 a una ni\u00f1a mendiga de no m\u00e1s de cinco a\u00f1os, con su hermanito a cuestas. Su madre hab\u00eda muerto de c\u00f3lera y su padre no regres\u00f3 de la mina. Esta escena quebrant\u00f3 su coraz\u00f3n y lo llev\u00f3 a abrir su hogar a miles de hu\u00e9rfanos. Con una fe inquebrantable, confi\u00f3 en Dios para sostener, alimentar y educar a los ni\u00f1os m\u00e1s vulnerables de Inglaterra.<\/p>\n","protected":false},"featured_media":5394,"comment_status":"closed","ping_status":"closed","template":"","meta":[],"product_brand":[],"product_cat":[150,71],"product_tag":[73],"class_list":{"0":"post-3274","1":"product","2":"type-product","3":"status-publish","4":"has-post-thumbnail","6":"product_cat-adultos","7":"product_cat-heroes-cristianos","8":"product_tag-janet-geoff-benge","10":"first","11":"instock","12":"virtual","13":"product-type-simple"},"_links":{"self":[{"href":"https:\/\/editorialjucum.com\/index.php\/wp-json\/wp\/v2\/product\/3274","targetHints":{"allow":["GET"]}}],"collection":[{"href":"https:\/\/editorialjucum.com\/index.php\/wp-json\/wp\/v2\/product"}],"about":[{"href":"https:\/\/editorialjucum.com\/index.php\/wp-json\/wp\/v2\/types\/product"}],"replies":[{"embeddable":true,"href":"https:\/\/editorialjucum.com\/index.php\/wp-json\/wp\/v2\/comments?post=3274"}],"wp:featuredmedia":[{"embeddable":true,"href":"https:\/\/editorialjucum.com\/index.php\/wp-json\/wp\/v2\/media\/5394"}],"wp:attachment":[{"href":"https:\/\/editorialjucum.com\/index.php\/wp-json\/wp\/v2\/media?parent=3274"}],"wp:term":[{"taxonomy":"product_brand","embeddable":true,"href":"https:\/\/editorialjucum.com\/index.php\/wp-json\/wp\/v2\/product_brand?post=3274"},{"taxonomy":"product_cat","embeddable":true,"href":"https:\/\/editorialjucum.com\/index.php\/wp-json\/wp\/v2\/product_cat?post=3274"},{"taxonomy":"product_tag","embeddable":true,"href":"https:\/\/editorialjucum.com\/index.php\/wp-json\/wp\/v2\/product_tag?post=3274"}],"curies":[{"name":"wp","href":"https:\/\/api.w.org\/{rel}","templated":true}]}}