{"id":5725,"date":"2025-10-20T16:42:34","date_gmt":"2025-10-20T19:42:34","guid":{"rendered":"https:\/\/editorialjucum.com\/?post_type=product&#038;p=5725"},"modified":"2025-10-20T16:48:49","modified_gmt":"2025-10-20T19:48:49","slug":"en-busqueda-del-origen","status":"publish","type":"product","link":"https:\/\/editorialjucum.com\/index.php\/product\/en-busqueda-del-origen\/","title":{"rendered":"En b\u00fasqueda del origen"},"content":{"rendered":"","protected":false},"excerpt":{"rendered":"<p>Neil y su familia vivieron durante muchos a\u00f1os en el seno de un grupo de ex can\u00edbales, en el coraz\u00f3n de Pap\u00faa y Nueva Guinea. Anderson har\u00eda un profundo descubrimiento\u2026 A trav\u00e9s del apasionante relato, el lector descubre algo trascendente: el poder intr\u00ednseco de la Palabra de Dios para arrebatar vidas humanas de la oscuridad e inundar los corazones de luz, entendimiento y paz.<\/p>\n","protected":false},"featured_media":5727,"comment_status":"closed","ping_status":"closed","template":"","meta":[],"product_brand":[],"product_cat":[150,81],"product_tag":[103],"class_list":{"0":"post-5725","1":"product","2":"type-product","3":"status-publish","4":"has-post-thumbnail","6":"product_cat-adultos","7":"product_cat-aventuras-internacionales","8":"product_tag-neil-anderson","10":"first","11":"instock","12":"virtual","13":"product-type-simple"},"_links":{"self":[{"href":"https:\/\/editorialjucum.com\/index.php\/wp-json\/wp\/v2\/product\/5725","targetHints":{"allow":["GET"]}}],"collection":[{"href":"https:\/\/editorialjucum.com\/index.php\/wp-json\/wp\/v2\/product"}],"about":[{"href":"https:\/\/editorialjucum.com\/index.php\/wp-json\/wp\/v2\/types\/product"}],"replies":[{"embeddable":true,"href":"https:\/\/editorialjucum.com\/index.php\/wp-json\/wp\/v2\/comments?post=5725"}],"wp:featuredmedia":[{"embeddable":true,"href":"https:\/\/editorialjucum.com\/index.php\/wp-json\/wp\/v2\/media\/5727"}],"wp:attachment":[{"href":"https:\/\/editorialjucum.com\/index.php\/wp-json\/wp\/v2\/media?parent=5725"}],"wp:term":[{"taxonomy":"product_brand","embeddable":true,"href":"https:\/\/editorialjucum.com\/index.php\/wp-json\/wp\/v2\/product_brand?post=5725"},{"taxonomy":"product_cat","embeddable":true,"href":"https:\/\/editorialjucum.com\/index.php\/wp-json\/wp\/v2\/product_cat?post=5725"},{"taxonomy":"product_tag","embeddable":true,"href":"https:\/\/editorialjucum.com\/index.php\/wp-json\/wp\/v2\/product_tag?post=5725"}],"curies":[{"name":"wp","href":"https:\/\/api.w.org\/{rel}","templated":true}]}}