{"id":5729,"date":"2025-10-20T16:52:55","date_gmt":"2025-10-20T19:52:55","guid":{"rendered":"https:\/\/editorialjucum.com\/?post_type=product&#038;p=5729"},"modified":"2025-10-20T17:22:56","modified_gmt":"2025-10-20T20:22:56","slug":"c-s-lewis-el-creador-de-narnia","status":"publish","type":"product","link":"https:\/\/editorialjucum.com\/index.php\/product\/c-s-lewis-el-creador-de-narnia\/","title":{"rendered":"C. S. Lewis: El creador de Narnia"},"content":{"rendered":"","protected":false},"excerpt":{"rendered":"<p>La gran creatividad de C. S. Lewis hac\u00eda volar su imaginaci\u00f3n mientras pasaba largas horas leyendo libros sobre pa\u00edses m\u00e1gicos y so\u00f1ando con otros nuevos. Como escritor, maestro y comunicador de profundas verdades cristianas, el hombre que nos regal\u00f3 Narnia sigue estimulando a muchos lectores de todas las edades.<\/p>\n","protected":false},"featured_media":5731,"comment_status":"closed","ping_status":"closed","template":"","meta":[],"product_brand":[],"product_cat":[154,152],"product_tag":[97],"class_list":{"0":"post-5729","1":"product","2":"type-product","3":"status-publish","4":"has-post-thumbnail","6":"product_cat-heroes-para-pequenos-lectores","7":"product_cat-jovenes","8":"product_tag-renee-meloche","10":"first","11":"instock","12":"virtual","13":"product-type-simple"},"_links":{"self":[{"href":"https:\/\/editorialjucum.com\/index.php\/wp-json\/wp\/v2\/product\/5729","targetHints":{"allow":["GET"]}}],"collection":[{"href":"https:\/\/editorialjucum.com\/index.php\/wp-json\/wp\/v2\/product"}],"about":[{"href":"https:\/\/editorialjucum.com\/index.php\/wp-json\/wp\/v2\/types\/product"}],"replies":[{"embeddable":true,"href":"https:\/\/editorialjucum.com\/index.php\/wp-json\/wp\/v2\/comments?post=5729"}],"wp:featuredmedia":[{"embeddable":true,"href":"https:\/\/editorialjucum.com\/index.php\/wp-json\/wp\/v2\/media\/5731"}],"wp:attachment":[{"href":"https:\/\/editorialjucum.com\/index.php\/wp-json\/wp\/v2\/media?parent=5729"}],"wp:term":[{"taxonomy":"product_brand","embeddable":true,"href":"https:\/\/editorialjucum.com\/index.php\/wp-json\/wp\/v2\/product_brand?post=5729"},{"taxonomy":"product_cat","embeddable":true,"href":"https:\/\/editorialjucum.com\/index.php\/wp-json\/wp\/v2\/product_cat?post=5729"},{"taxonomy":"product_tag","embeddable":true,"href":"https:\/\/editorialjucum.com\/index.php\/wp-json\/wp\/v2\/product_tag?post=5729"}],"curies":[{"name":"wp","href":"https:\/\/api.w.org\/{rel}","templated":true}]}}